{"id":1609,"date":"2023-01-02T16:16:36","date_gmt":"2023-01-02T14:16:36","guid":{"rendered":"https:\/\/evomove.ro\/?page_id=1609"},"modified":"2023-01-02T22:02:19","modified_gmt":"2023-01-02T20:02:19","slug":"politica-de-cookies","status":"publish","type":"page","link":"https:\/\/evomove.ro\/en\/politica-de-cookies\/","title":{"rendered":"Cookies policy"},"content":{"rendered":"<div data-elementor-type=\"wp-post\" data-elementor-id=\"1609\" class=\"elementor elementor-1609\">\n\t\t\t\t\t\t<div class=\"elementor-inner\">\n\t\t\t\t<div class=\"elementor-section-wrap\">\n\t\t\t\t\t\t\t\t\t<section class=\"elementor-section elementor-top-section elementor-element elementor-element-50db969 elementor-section-boxed elementor-section-height-default elementor-section-height-default\" data-id=\"50db969\" data-element_type=\"section\">\n\t\t\t\t\t\t<div class=\"elementor-container elementor-column-gap-extended\">\n\t\t\t\t\t\t\t<div class=\"elementor-row\">\n\t\t\t\t\t<div class=\"elementor-column elementor-col-100 elementor-top-column elementor-element elementor-element-fffe3c9 sc_inner_width_none sc_content_align_inherit sc_layouts_column_icons_position_left\" data-id=\"fffe3c9\" data-element_type=\"column\">\n\t\t\t<div class=\"elementor-column-wrap elementor-element-populated\">\n\t\t\t\t\t\t\t<div class=\"elementor-widget-wrap\">\n\t\t\t\t\t\t<div class=\"elementor-element elementor-element-2d1ae09 sc_fly_static elementor-widget elementor-widget-text-editor\" data-id=\"2d1ae09\" data-element_type=\"widget\" data-widget_type=\"text-editor.default\">\n\t\t\t\t<div class=\"elementor-widget-container\">\n\t\t\t\t\t\t\t\t<div class=\"elementor-text-editor elementor-clearfix\">\n\t\t\t\t<ul class=\"\"><li>Politica de utilizare Cookie-uri<\/li><\/ul><p class=\"\">Aceast\u0103 politic\u0103 se refer\u0103 la cookie-urile \u0219i paginile web operate de EVOTEC EXPRESS SRL, cu sediul social \u00een Str Nucilor nr 16 Sat Barati, Com Margineni, jud Bacau, denumit\u0103 \u00een continuare Evomove.<\/p><ul class=\"\"><li>Ce sunt Cookie-urile?<\/li><\/ul><p class=\"\">Cookie-ul este un fi\u0219ier de mici dimensiuni, format din litere \u0219i numere, care va fi stocat pe computerul, terminalul mobil sau alte echipamente ale unui utilizator de pe care se acceseaz\u0103 internetul. Cookie-ul este instalat prin solicitarea emis\u0103 de c\u0103tre un web-server unui browser (ex: Internet Explorer, Chrome) \u0219i este complet \u201cpasiv\u201d (nu con\u021bine programe software, viru\u0219i sau spyware \u0219i nu poate accesa informa\u021biile de pe hard driverul utilizatorului).<\/p><ul class=\"\"><li>La ce sunt folosite Cookie-urile?<\/li><\/ul><p class=\"\">Pentru a ne ajuta sa analizam modul in care dvs. si alti vizitatori navigati pe site-ul evomove.ro \u00a0si sa compilam statistici agregate despre utilizarea site-ului si ratele de raspuns, noi, cu asistenta tertilor furnizorilor de servicii de analiza, colectam anumite informatii cand vizitati site-ul nostru. Aceste informatii includ locatia geografica a dispozitivului, tipul browserului, limba browserului, data si ora solicitarii dvs., timpul vizitelor dvs., afisarile de pagina si elementele paginii (de exemplu, linkurile) pe care faceti clic, toate datele sunt anonimizate in baza anonimizarii IP-ului dvs.<\/p><ul class=\"\"><li>Ce Cookie-uri folosim?<\/li><\/ul><p class=\"\">Putem folosi cookie-uri, etichete pixel, beaconuri web, GIF-uri clare sau alte instrumente similare pe site-ul nostru sau in mesajele noastre de e-mail pentru a ne ajuta in colectarea si analizarea acestor informatii. Utilizam aceste informatii pentru a oferi un continut mai bun si mai relevant pe site-ul nostru, pentru a masura eficacitatea anunturilor, pentru a identifica si remedia problemele si pentru a va imbunatati experienta pe site-ul nostru.<\/p><p class=\"\">De asemenea, putem angaja unul sau mai multi furnizori de servicii terte pentru a furniza reclame online in numele nostru. Acestia pot folosi o eticheta pixel sau alta tehnologie similara pentru a colecta informatii despre vizitele dvs. pe site-uri si pot folosi aceste informatii pentru a va trimite reclame directionate.<\/p><p class=\"\">Daca nu doriti sa permiteti colectatea informatiilor prin utilizarea acestor tehnologii, exista o procedura simpla in majoritatea browserelor care va permite sa refuzati automat multe dintre aceste tehnologii sau sa vi se ofere posibilitatea de a le refuza sau de a le accepta.<\/p><p class=\"\">Daca locuiti in Uniunea Europeana sau in alta jurisdictie care ne cere sa obtinem consimtamantul dvs. de a utiliza cookie-urile pe site-ul noastru, atunci veti avea ocazia sa gestionati preferintele cookie-urilor pe site; cu exceptia anumitor module cookie sunt necesare pentru a facilita functionalitatea principala a site-ului si nu puteti alege sa dezactivati modulele cookie.<\/p><p class=\"\">Exemple de terti furnizori de servicii de analiza si de servicii similare pe care le folosim in prezent:<\/p><p class=\"\">Google: Google Analytics este utilizat pentru a urmari statisticile site-ului si datele demografice ale utilizatorilor, interesele si comportamentul pe site-uri Web. De asemenea, folosim Consola de cautare Google pentru a intelege modul in care vizitatorii site-ului nostru gasesc site-ul nostru web si pentru a imbunatati optimizarea motorului de cautare. Aflati mai multe informatii (https:\/\/tools.google.com\/dlpage\/gaoptout ) despre modul in care pot fi utilizate aceste informatii de analiza, cum puteti controla utilizarea informatiilor dvs. si cum sa renuntati la utilizarea datelor dvs. de catre Google Analytics.<\/p><p class=\"\">Retele sociale:<\/p><p class=\"\">Terte Retelele sociale care furnizeaza functii interactive (plug-in-uri) sau caracteristici de retea sociala (de exemplu, pentru a va permite sa va conectati la Facebook pentru a comunica cu serviciului de asistenta pentru clienti) pe site-ul evomove.ro pot\u00a0 utiliza cookie-uri sau alte metode (de exemplu, beaconuri web) pentru a obtine informatii despre utilizarea de catre dvs. a site-ului web si a aplicatiilor noastre.<\/p><p class=\"\">Utilizarea acestor informatii de catre o terta parte depinde de politica de confidentialitate disponibila pe site-ul web al retelei sociale, pe care va incurajam sa o analizati cu atentie. Astfel de terte parti pot utiliza aceste cookie-uri sau alte metode de urmarire in scopuri proprii prin corelarea informatiilor despre utilizarea de catre dvs. a site-ului nostru cu oricare dintre informatiile dvs. personale pe care le pot avea. De asemenea, putem obtine informatii de analiza din retelele sociale care ne ajuta sa masuram eficacitatea continutului si a anunturilor noastre in retelele sociale (de exemplu, afisari si clicuri).<\/p><p class=\"\">Aceste fi\u0219iere fac posibil\u0103 recunoa\u0219terea terminalului utilizatorului \u0219i prezentarea con\u021binutului intr-un mod relevant, adaptat preferin\u021belor utilizatorului. Cookie-urile asigur\u0103 utilizatorilor o experien\u021b\u0103 pl\u0103cut\u0103 de navigare \u0219i sus\u021bin eforturile Evomove pentru a oferi servicii comfortabile utilizatorilor, de ex: \u2013 preferin\u021bele \u00een materie de confiden\u021bialitate online, co\u0219ul de cump\u0103r\u0103turi sau publicitate relevant\u0103. De asemenea, sunt utilizate \u00een preg\u0103tirea unor statistici anonime agreate care ne ajuta s\u0103 \u00een\u021belegem cum un utilizator beneficiaz\u0103 de paginile noastre web, permi\u021b\u00e2ndu-ne \u00eembun\u0103t\u0103\u021birea structurii \u0219i con\u021binutului lor, excluz\u00e2nd indentificarea personal\u0103 a utilizatorului.<\/p><ul class=\"\"><li>Cum sunt folosite cookie-urile de c\u0103tre acest site?<\/li><\/ul><p class=\"\">O vizit\u0103 pe acest site poate plasa cookie-uri \u00een scopuri de:<\/p><ul class=\"\"><li>Cookie-uri de performan\u021b\u0103 a site-ului;<\/li><li>Cookie-uri de analiz\u0103 a vizitatorilor;<\/li><li>Cookie-uri pentru geotargetting;<\/li><li>Cookie-uri de \u00eenregistrare;<\/li><li>Cookie-uri pentru publicitate;<\/li><li>Cookie-uri ale furnizorilor de publicitate.<\/li><\/ul><ul class=\"\"><li>Con\u021bin Cookie-urile date personale?<\/li><\/ul><p class=\"\">Cookie-urile \u00een sine nu solicit\u0103 informa\u021bii cu caracter personal pentru a putea fi utilizate \u0219i \u00een cele mai multe cazuri, nu identific\u0103 personal utilizatorii de internet. Datele personale colectate prin utilizarea Cookie-urilor pot fi colectate doar pentru a facilita anumite func\u021bionalit\u0103\u021bi pentru utilizator. Aceste date sunt criptate \u00eentr-un mod care face imposibil accesul persoanelor neautorizate la ele.<\/p><ul class=\"\"><li>\u0218tergerea Cookie-urilor<\/li><\/ul><p class=\"\">\u00cen general, o aplica\u021bie folosit\u0103 pentru accesarea paginilor web permite salvarea Cookie-urilor pe terminal \u00een mod implicit. Aceste set\u0103ri pot fi schimbate \u00een a\u0219a fel \u00eenc\u00e2t administrarea automat\u0103 a Cookie-urilor s\u0103 fie blocat\u0103 de browser-ul web sau utilizatorul s\u0103 fie informat de fiecare dat\u0103 c\u00e2nd Cookie-urile sunt trimise c\u0103tre terminalul s\u0103u. Informa\u021bii detaliate despre posibilit\u0103\u021bile \u0219i modurile de administrare ale Cookie-urilor\u00a0 pot fi g\u0103site \u00een pagina de set\u0103ri ale aplica\u021biei (browser-ului web). Limitarea folosirii Cookie-urilor poate genera probleme la anumite func\u021bionalit\u0103\u021bi ale paginii web.<\/p><ul class=\"\"><li>De ce sunt cookie-urile importante pentru Internet?<\/li><\/ul><p class=\"\">Cookie-urile reprezint\u0103 punctul central al fuc\u021bion\u0103rii eficiente ale Internetului, ajut\u00e2nd la generarea unei experien\u021be\u00a0 de navigare prietenoase \u0219i adaptat preferin\u021belor\u00a0 \u0219i intereselor fiec\u0103rui utilizator. Refuzarea\/dezactivarea cookie-urilor poate face unele site-uri imposibil de folosit.<\/p><p class=\"\">Refuzarea sau dezactivarea cookie-urilor nu \u00eenseamn\u0103 c\u0103 nu ve\u021bi mai primi publicitate online \u2013 ci doar c\u0103 aceasta nu va mai putea \u021bine cont de preferin\u021bele \u0219i interesele dumneavoastr\u0103 eviden\u021biate prin comportamentul de navigare.<\/p><p class=\"\"><em>Exemple de \u00eentrebuin\u021b\u0103ri\u00a0 ale cookie-urilor:<\/em><\/p><p class=\"\">Con\u021binut de servicii adaptate preferin\u021belor utilizatorului \u2013 categorii de produse \u0219i servicii.<\/p><p class=\"\">Oferte adaptate pe interesele utilizatorilor \u2013 re\u021binerea parolelor.<\/p><p class=\"\">Re\u021binerea filtrelor de protec\u021bie asupra copiilor privind con\u021binutul pe Internet (op\u021biuni family mode,func\u021bii de safe search).<\/p><p class=\"\">Limitarea frecven\u021bei de difuzare ale reclamelor \u2013 limitarea num\u0103rului de afi\u0219\u0103ri ale unei reclame pentru un anumit utilizator pe un site.<\/p><p class=\"\">Furnizarea de publicitate pentru utilizator.<\/p><p class=\"\">M\u0103surarea, optimizarea \u0219i caracteristicile de analytics \u2013 cum ar fi confirmarea unui anumit nivel de trafic pe un website, ce con\u021binut este vizualizat, modul cum un utilizator ajunge pe un website (ex prin motoare de c\u0103utare, direct, din alte website- etc). Website-urile deruleaz\u0103 aceste analize ale utiliz\u0103rii lor pentru a \u00eembun\u0103t\u0103\u021bi site-urile \u00een beneficiul userilor.<\/p><ul class=\"\"><li>Securitate\/probleme legate de confiden\u021bialitate<\/li><\/ul><p class=\"\">Cookie-urile NU\u00a0 sunt viru\u0219i! Ele folosesc formate tip plain text. Nu sunt\u00a0 alc\u0103tuite din buc\u0103\u021bi de cod a\u0219a c\u0103 nu pot fi executate nici nu pot auto-rula. In consecin\u021b\u0103, nu se pot duplica \u0219i nu se pot replica pe alte re\u021bele pentru\u00a0 se\u00a0 rula sau replica din nou. Deoarece nu pot \u00eendeplini aceste func\u021bii, nu pot fi considerate viru\u0219i.<\/p><p class=\"\">Cookie-urile pot\u00a0 fi totu\u0219i folosite pentru scopuri negative. Deoarece stocheaz\u0103 informa\u021bii despre preferin\u021bele si\u00a0 istoricul de navigare\u00a0 utilizatorilor, atat pe un anume site cat si\u00a0 pe\u00a0 multe alte site-uri, cookieurile\u00a0 fi folosite\u00a0 ca o forma de Spyware. Multe produse anti-spyware sunt considerate\u00a0 de acest fapt\u00a0 si\u00a0 mod constant marcheaz\u0103 cookie-urile pentru\u00a0 fi \u0219terse\u00a0 cadrul procedurilor de \u0219tergere\/scanare anti-virus\/anti-spyware.<\/p><p class=\"\">\u00cen general, \u00a0browserele au integrate set\u0103ri de confiden\u021bialitate care furnizeaz\u0103 diferite nivele de acceptare\u00a0 cookieurilor,\u00a0 perioada de valabilitate si \u0219tergere automata\u00a0 dup\u0103 ce utilizatorul\u00a0 vizitat un anumit site.<\/p><p class=\"\"><em>Alte aspecte de securitate legate de cookie-uri:<\/em><\/p><p class=\"\">Deoarece protec\u021bia identit\u0103\u021bii este foarte valoroasa si\u00a0\u00a0 reprezint\u0103 dreptul fiec\u0103rui utilizator de internet, este indicat\u00a0 se \u0219tie ce eventuale probleme\u00a0\u00a0 pot crea cookieurile. Pentru\u00a0 ca prin intermediul lor se transmit\u00a0 mod constant\u00a0 ambele sensuri informa\u021bii\u00a0 browser\u00a0 website,\u00a0 un atacator\u00a0\u00a0\u00a0 intervine\u00a0 parcursul de transmitere\u00a0 datelor, informa\u021biile con\u021binute de cookie\u00a0 fi interceptate.<\/p><p class=\"\">Desi, foarte rar, acest lucru se poate intampla daca\u00a0 browserul se conecteaz\u0103 la server folosind o re\u021bea\u00a0 necriptata (ex: o re\u021bea WiFi nesecurizat\u0103).<\/p><p class=\"\">Alte atacuri bazate pe cookie\u00a0 implica set\u0103ri gre\u0219ite ale cookieurilor pe servere.\u00a0 Daca un website nu\u00a0 solicita browserului sa\u00a0 foloseasc\u0103 doar canale criptate, atacatorii pot folosi aceasta\u00a0 vulnerabilitate pentru\u00a0 p\u0103c\u0103li browserele\u00a0\u00a0 trimite informa\u021bii prin intermediul canalelor nesecurizate. Atacatorii utilizeaz\u0103 apoi informa\u021biile in\u00a0 scopuri de a accesa\u00a0\u00a0 neautorizat anumite site-uri. Este foarte important\u00a0 fi\u021bi aten\u021bi\u00a0 in alegerea metodei celei\u00a0 potrivite de protec\u021bie a informa\u021biilor personale.<\/p><p class=\"\"><em>Sfaturi pentru o navigare sigur\u0103 \u0219i responsabil\u0103, bazat\u0103 pe cookies.<\/em><\/p><p class=\"\">Datorit\u0103 flexibilit\u0103\u021bii lor \u0219i a faptului c\u0103 majoritatea dintre cele mai vizitate site-uri \u0219i cele mai mari folosesc cookieuri, acestea sunt aproape inevitabile. Dezactivarea cookie-urilor nu va permite accesul utilizatorului pe site-urile cele mai r\u0103sp\u00e2ndite \u0219i utilizate printre care Youtube, Gmail, Yahoo \u0219i altele.<\/p><p class=\"\">Iat\u0103 c\u00e2teva sfaturi care v\u0103 pot asigura c\u0103 naviga\u021bi f\u0103r\u0103 griji \u00eens\u0103 cu ajutorul cookieurilor:<\/p><p class=\"\">Particulariza\u021bi-v\u0103 set\u0103rile browserului \u00een ceea ce prive\u0219te cookie-urile pentru a reflecta un nivel confortabil pentru voi al securit\u0103\u021bii utiliz\u0103rii cookie-urilor.<\/p><p class=\"\">Dac\u0103 nu v\u0103 deranjeaz\u0103 cookie-urile \u0219i sunte\u021bi singura persoan\u0103 care utilizaeaza computerul, pute\u021bi seta termene lungi de expirare pentru stocarea istoricului de navigare \u0219i al datelor personale de acces.<\/p><p class=\"\">Dac\u0103 \u00eemp\u0103r\u021bi\u021bi accesul la calculator, pute\u021bi lua \u00een considerare setarea browserului pentru a \u0219terge datele individuale de navigare de fiecare dat\u0103 c\u00e2nd \u00eenchide\u021bi browserul. Aceasta este o variant\u0103 de a accesa site-urile care plaseaz\u0103 cookieuri \u0219i de a \u0219terge orice informa\u021bie de vizitare la \u00eenchiderea sesiunii navigare.<\/p><p class=\"\">Instala\u021bi-v\u0103 \u0219i updatati-v\u0103 constant aplica\u021bii antispyware.<\/p><p class=\"\">Multe dintre aplica\u021biile de detectare \u0219i prevenire a spyware-ului includ detectarea atacurilor pe site-uri. Astfel, \u00eempiedic\u0103 browserul de la a accesa website-uri care ar putea s\u0103 exploateze vulnerabilit\u0103\u021bile browserului sau s\u0103 descarce software periculos.<\/p><p class=\"\">Asigura\u021bi-v\u0103 c\u0103 ave\u021bi browserul mereu updatat.<\/p><p class=\"\">Multe dintre atacurile bazate pe cookies se realizeaz\u0103 exploat\u00e2nd punctele slabe ale versiunilor vechi ale browserelor.<\/p><p class=\"\">Cookie-urile sunt pretutindeni \u0219i nu pot fi evitate dac\u0103 dori\u021bi s\u0103 v\u0103 bucura\u021bi de acces pe cele mai bune \u0219i cele mai mari site-uri de pe Internet \u2013 locale sau interna\u021bionale. Cu o \u00een\u021belegere clar\u0103 a modului lor de operare \u0219i a beneficiilor pe care le aduc, pute\u021bi lua m\u0103surile necesare de securitate astel \u00eenc\u00e2t s\u0103 pute\u021bi naviga cu \u00eencredere pe internet.<\/p><p class=\"\">Dezactivarea \u0219i refuzul de a primi cookie-uri pot face anumite site-uri impracticabile sau dificil de vizitat \u0219i folosit. De asemenea, refuzul de a accepta cookie-uri nu \u00eenseamn\u0103 c\u0103 nu ve\u021bi mai primi\/vedea publicitate online.<\/p><p class=\"\">Este posibil\u0103 setarea din browser pentru c\u0103 aceste cookie-uri s\u0103 nu mai fie acceptate sau po\u021bi seta browserul\u00a0 sa accepte cookie- de la un site anume. Dar, de exemplu,\u00a0 daca nu e\u0219ti inregistat folosind cookie-urile, nu vei putea lasa\u00a0 comentarii.<\/p><p class=\"\">Toate browserele moderne ofer\u0103 posibilitatea de\u00a0\u00a0 set\u0103rile cookie-urilor. Aceste set\u0103ri se g\u0103sesc de\u00a0\u00a0 \u201coptiuni\u201d\u00a0\u00a0 meniul de \u201cpreferinte\u201d\u00a0 browserului .<\/p><p class=\"\">Pentru\u00a0 \u00een\u021belege aceste set\u0103ri, urm\u0103toarele linkuri\u00a0 fi folositoare, altfel pute\u021bi folosi op\u021biunea \u201cajutor\u201d\u00a0 browserului pentru\u00a0 multe detalii.<\/p><p class=\"\">Cookie settings\u00a0 Internet Explorer<\/p><p class=\"\">Cookie settings\u00a0 Firefox<\/p><p class=\"\">Cookie settings\u00a0 Chrome<\/p><p class=\"\">Cookie settings<\/p><p class=\"\">Pentru set\u0103rile cookie-urilor generate de ter\u021bi, pute\u021bi\u00a0\u00a0 site-ul:<\/p><p class=\"\"><a href=\"http:\/\/www.youronlinechoices.com\/ro\/\">http:\/\/www.youronlinechoices.com\/ro\/<\/a><\/p>\t\t\t\t\t<\/div>\n\t\t\t\t\t\t<\/div>\n\t\t\t\t<\/div>\n\t\t\t\t\t\t<\/div>\n\t\t\t\t\t<\/div>\n\t\t<\/div>\n\t\t\t\t\t\t\t\t<\/div>\n\t\t\t\t\t<\/div>\n\t\t<\/section>\n\t\t\t\t\t\t\t\t\t<\/div>\n\t\t\t<\/div>\n\t\t\t\t\t<\/div>","protected":false},"excerpt":{"rendered":"<p>Politica de utilizare Cookie-uri Aceast\u0103 politic\u0103 se refer\u0103 la cookie-urile \u0219i paginile web operate de EVOTEC&hellip;<\/p>","protected":false},"author":4,"featured_media":0,"parent":0,"menu_order":0,"comment_status":"closed","ping_status":"closed","template":"","meta":{"footnotes":""},"class_list":["post-1609","page","type-page","status-publish","hentry"],"yoast_head":"<!-- This site is optimized with the Yoast SEO plugin v20.2.1 - https:\/\/yoast.com\/wordpress\/plugins\/seo\/ -->\n<title>Politic\u0103 de cookies - Evomove.ro - Rent a Car<\/title>\n<meta name=\"robots\" content=\"index, follow, max-snippet:-1, max-image-preview:large, max-video-preview:-1\" \/>\n<link rel=\"canonical\" href=\"https:\/\/evomove.ro\/en\/politica-de-cookies\/\" \/>\n<meta property=\"og:locale\" content=\"en_US\" \/>\n<meta property=\"og:type\" content=\"article\" \/>\n<meta property=\"og:title\" content=\"Politic\u0103 de cookies - Evomove.ro - Rent a Car\" \/>\n<meta property=\"og:description\" content=\"Politica de utilizare Cookie-uri Aceast\u0103 politic\u0103 se refer\u0103 la cookie-urile \u0219i paginile web operate de EVOTEC&hellip;\" \/>\n<meta property=\"og:url\" content=\"https:\/\/evomove.ro\/en\/politica-de-cookies\/\" \/>\n<meta property=\"og:site_name\" content=\"Evomove.ro - Rent a Car\" \/>\n<meta property=\"article:modified_time\" content=\"2023-01-02T20:02:19+00:00\" \/>\n<meta name=\"twitter:card\" content=\"summary_large_image\" \/>\n<meta name=\"twitter:label1\" content=\"Est. reading time\" \/>\n\t<meta name=\"twitter:data1\" content=\"10 minutes\" \/>\n<script type=\"application\/ld+json\" class=\"yoast-schema-graph\">{\"@context\":\"https:\/\/schema.org\",\"@graph\":[{\"@type\":\"WebPage\",\"@id\":\"https:\/\/evomove.ro\/politica-de-cookies\/\",\"url\":\"https:\/\/evomove.ro\/politica-de-cookies\/\",\"name\":\"Politic\u0103 de cookies - Evomove.ro - Rent a Car\",\"isPartOf\":{\"@id\":\"https:\/\/evomove.ro\/#website\"},\"datePublished\":\"2023-01-02T14:16:36+00:00\",\"dateModified\":\"2023-01-02T20:02:19+00:00\",\"breadcrumb\":{\"@id\":\"https:\/\/evomove.ro\/politica-de-cookies\/#breadcrumb\"},\"inLanguage\":\"en-US\",\"potentialAction\":[{\"@type\":\"ReadAction\",\"target\":[\"https:\/\/evomove.ro\/politica-de-cookies\/\"]}]},{\"@type\":\"BreadcrumbList\",\"@id\":\"https:\/\/evomove.ro\/politica-de-cookies\/#breadcrumb\",\"itemListElement\":[{\"@type\":\"ListItem\",\"position\":1,\"name\":\"Prima pagin\u0103\",\"item\":\"https:\/\/evomove.ro\/\"},{\"@type\":\"ListItem\",\"position\":2,\"name\":\"Politic\u0103 de cookies\"}]},{\"@type\":\"WebSite\",\"@id\":\"https:\/\/evomove.ro\/#website\",\"url\":\"https:\/\/evomove.ro\/\",\"name\":\"Evomove.ro - Rent a Car\",\"description\":\"\u00cenchirieri auto Bacau, Brasov, Iasi, Suceava, Otopeni\",\"publisher\":{\"@id\":\"https:\/\/evomove.ro\/#organization\"},\"potentialAction\":[{\"@type\":\"SearchAction\",\"target\":{\"@type\":\"EntryPoint\",\"urlTemplate\":\"https:\/\/evomove.ro\/?s={search_term_string}\"},\"query-input\":\"required name=search_term_string\"}],\"inLanguage\":\"en-US\"},{\"@type\":\"Organization\",\"@id\":\"https:\/\/evomove.ro\/#organization\",\"name\":\"Evomove.ro - Rent a Car\",\"url\":\"https:\/\/evomove.ro\/\",\"logo\":{\"@type\":\"ImageObject\",\"inLanguage\":\"en-US\",\"@id\":\"https:\/\/evomove.ro\/#\/schema\/logo\/image\/\",\"url\":\"https:\/\/evomove.ro\/wp-content\/uploads\/2023\/01\/logo-evomove.png\",\"contentUrl\":\"https:\/\/evomove.ro\/wp-content\/uploads\/2023\/01\/logo-evomove.png\",\"width\":512,\"height\":138,\"caption\":\"Evomove.ro - Rent a Car\"},\"image\":{\"@id\":\"https:\/\/evomove.ro\/#\/schema\/logo\/image\/\"}}]}<\/script>\n<!-- \/ Yoast SEO plugin. -->","yoast_head_json":{"title":"Politic\u0103 de cookies - Evomove.ro - Rent a Car","robots":{"index":"index","follow":"follow","max-snippet":"max-snippet:-1","max-image-preview":"max-image-preview:large","max-video-preview":"max-video-preview:-1"},"canonical":"https:\/\/evomove.ro\/en\/politica-de-cookies\/","og_locale":"en_US","og_type":"article","og_title":"Politic\u0103 de cookies - Evomove.ro - Rent a Car","og_description":"Politica de utilizare Cookie-uri Aceast\u0103 politic\u0103 se refer\u0103 la cookie-urile \u0219i paginile web operate de EVOTEC&hellip;","og_url":"https:\/\/evomove.ro\/en\/politica-de-cookies\/","og_site_name":"Evomove.ro - Rent a Car","article_modified_time":"2023-01-02T20:02:19+00:00","twitter_card":"summary_large_image","twitter_misc":{"Est. reading time":"10 minutes"},"schema":{"@context":"https:\/\/schema.org","@graph":[{"@type":"WebPage","@id":"https:\/\/evomove.ro\/politica-de-cookies\/","url":"https:\/\/evomove.ro\/politica-de-cookies\/","name":"Politic\u0103 de cookies - Evomove.ro - Rent a Car","isPartOf":{"@id":"https:\/\/evomove.ro\/#website"},"datePublished":"2023-01-02T14:16:36+00:00","dateModified":"2023-01-02T20:02:19+00:00","breadcrumb":{"@id":"https:\/\/evomove.ro\/politica-de-cookies\/#breadcrumb"},"inLanguage":"en-US","potentialAction":[{"@type":"ReadAction","target":["https:\/\/evomove.ro\/politica-de-cookies\/"]}]},{"@type":"BreadcrumbList","@id":"https:\/\/evomove.ro\/politica-de-cookies\/#breadcrumb","itemListElement":[{"@type":"ListItem","position":1,"name":"Prima pagin\u0103","item":"https:\/\/evomove.ro\/"},{"@type":"ListItem","position":2,"name":"Politic\u0103 de cookies"}]},{"@type":"WebSite","@id":"https:\/\/evomove.ro\/#website","url":"https:\/\/evomove.ro\/","name":"Evomove.ro - Rent a Car","description":"\u00cenchirieri auto Bacau, Brasov, Iasi, Suceava, Otopeni","publisher":{"@id":"https:\/\/evomove.ro\/#organization"},"potentialAction":[{"@type":"SearchAction","target":{"@type":"EntryPoint","urlTemplate":"https:\/\/evomove.ro\/?s={search_term_string}"},"query-input":"required name=search_term_string"}],"inLanguage":"en-US"},{"@type":"Organization","@id":"https:\/\/evomove.ro\/#organization","name":"Evomove.ro - Rent a Car","url":"https:\/\/evomove.ro\/","logo":{"@type":"ImageObject","inLanguage":"en-US","@id":"https:\/\/evomove.ro\/#\/schema\/logo\/image\/","url":"https:\/\/evomove.ro\/wp-content\/uploads\/2023\/01\/logo-evomove.png","contentUrl":"https:\/\/evomove.ro\/wp-content\/uploads\/2023\/01\/logo-evomove.png","width":512,"height":138,"caption":"Evomove.ro - Rent a Car"},"image":{"@id":"https:\/\/evomove.ro\/#\/schema\/logo\/image\/"}}]}},"_links":{"self":[{"href":"https:\/\/evomove.ro\/en\/wp-json\/wp\/v2\/pages\/1609","targetHints":{"allow":["GET"]}}],"collection":[{"href":"https:\/\/evomove.ro\/en\/wp-json\/wp\/v2\/pages"}],"about":[{"href":"https:\/\/evomove.ro\/en\/wp-json\/wp\/v2\/types\/page"}],"author":[{"embeddable":true,"href":"https:\/\/evomove.ro\/en\/wp-json\/wp\/v2\/users\/4"}],"replies":[{"embeddable":true,"href":"https:\/\/evomove.ro\/en\/wp-json\/wp\/v2\/comments?post=1609"}],"version-history":[{"count":5,"href":"https:\/\/evomove.ro\/en\/wp-json\/wp\/v2\/pages\/1609\/revisions"}],"predecessor-version":[{"id":2130,"href":"https:\/\/evomove.ro\/en\/wp-json\/wp\/v2\/pages\/1609\/revisions\/2130"}],"wp:attachment":[{"href":"https:\/\/evomove.ro\/en\/wp-json\/wp\/v2\/media?parent=1609"}],"curies":[{"name":"wp","href":"https:\/\/api.w.org\/{rel}","templated":true}]}}